{"id":8,"date":"2009-08-30T21:55:15","date_gmt":"2009-08-30T21:55:15","guid":{"rendered":"http:\/\/cooptadeo.com\/wordpress\/quienes-somos\/"},"modified":"2023-12-14T02:31:47","modified_gmt":"2023-12-14T02:31:47","slug":"quienes-somos","status":"publish","type":"page","link":"https:\/\/cooptadeo.com\/wordpress\/quienes-somos\/","title":{"rendered":"\u00bfQui\u00e9nes somos?"},"content":{"rendered":"<div class=\"row\">\n<div class=\"col-md-6 col-sm-6\">\n<h3 class=\"title\" style=\"margin: 0px 0px 10px;\"><span style=\"color: #99cc00;\">\u00bfQuienes somos?<\/span><\/h3>\n<p class=\"margT20\" style=\"text-align: justify;\"><span style=\"color: #808080;\">La Cooperativa de empleados de la Universidad Jorge Tadeo Lozano Ltda., Cooptadeo es una empresa asociativa de derecho privado, sin \u00e1nimo de lucro con duraci\u00f3n indefinida conformada por funcionarios de la Universidad Jorge Tadeo Lozano y de la Fundaci\u00f3n para el desarrollo Universitario.<div class=\"row\"><div class=\"col-md-12\"><div class=\"alterna-space small alterna-line solid\"><\/div><\/div><\/div><\/span><\/p>\n<h3 class=\"title\"><span style=\"color: #99cc00;\">Misi\u00f3n<\/span><\/h3>\n<p class=\"margT20\" style=\"text-align: justify;\"><span style=\"color: #808080;\">Proporcionar a sus asociados y a sus familias una mejor calidad de vida, a trav\u00e9s de los servicios que se ofrecen en el ejercicio de la solidaridad.<div class=\"row\"><div class=\"col-md-12\"><div class=\"alterna-space small alterna-line solid\"><\/div><\/div><\/div><\/span><\/p>\n<h3 class=\"title\"><span style=\"color: #99cc00;\">Visi\u00f3n<\/span><\/h3>\n<p class=\"margT20\" style=\"text-align: justify;\"><span style=\"color: #808080;\">Posicionarse como una de la entidades lideres en el sector solidario, consolid\u00e1ndose dentro de \u00e9ste como una instituci\u00f3n que responde a las expectativas del asociado Tade\u00edsta.<\/span><\/p>\n<\/div>\n<div class=\"col-md-6 col-sm-6\">\n<div class=\"flexslider alterna-fl post-gallery\"  ><ul class=\"slides\"><li><img decoding=\"async\" src=\"http:\/\/cooptadeo.com\/wordpress\/wp-content\/uploads\/2009\/08\/QUIENES-SOMOS.jpg\" alt=\"img\" ><\/li><li><img decoding=\"async\" src=\"http:\/\/cooptadeo.com\/wordpress\/wp-content\/uploads\/2009\/08\/QUIENES-SOMOS.jpg\" alt=\"img\" ><\/li><\/ul><\/div>\n<\/div>\n<\/div>\n<div class=\"row\"><div class=\"col-md-12\"><div class=\"alterna-space big alterna-line dashed\"><\/div><\/div><\/div>\n<div class=\"alterna-sc-title center\"><div class=\"row\"><div class=\"col-md-12\"><div class=\"alterna-sc-title-container\"><h2 class=\"alterna-sc-entry-title  bold\">Somos la cooperativa de la familia tade\u00edsta<\/h2><\/div><\/div><\/div><\/div>\n<h4 class=\"margT20\" style=\"text-align: center;\"><span style=\"color: #808080;\">Fomentamos la solidaridad y el compa\u00f1erismo entre nuestros asociados.<\/span><\/h4>\n<div class=\"row\"><div class=\"col-md-12\"><div class=\"alterna-space  \"><\/div><\/div><\/div>\n<div class=\"row\"><div class=\"col-md-12\"><div class=\"alterna-space big alterna-line dashed\"><\/div><\/div><\/div>\n<div class=\"row\">\n<div class=\"col-md-8 col-sm-8\">\n<div class=\"alterna-sc-title left\"><div class=\"row\"><div class=\"col-md-12\"><div class=\"alterna-sc-title-container\"><h2 class=\"alterna-sc-entry-title  bold\">Nuestra historia<\/h2><\/div><\/div><\/div><\/div>\n<div class=\"row\"><div class=\"col-md-12\"><div class=\"alterna-space small alterna-line solid\"><\/div><\/div><\/div>\n<div class=\"history\"><div class=\"history-date-content\"><div class=\"history-date btn-theme\">1972<div class=\"history-hor-line btn-theme\"><\/div><\/div><div class=\"history-line btn-theme\"><\/div><div class=\"history-start-point btn-theme\"><span><\/span><\/div><\/div><div class=\"history-content\"><h4 class=\"history-title\">Nace como: Cooperativa de Ahorro y Cr\u00e9dito Integraci\u00f3n Ltda.<\/h4><div class=\"history-entry-content\">\n<p>Inicialmente tuvo 33 asociados<\/p>\n<img decoding=\"async\" class=\"alignleft\" src=\"http:\/\/cooptadeo.com\/wordpress\/wp-content\/uploads\/2009\/08\/actafund.jpg\" alt=\"\"><\/div><\/div><\/div>\n<div class=\"history\"><div class=\"history-date-content\"><div class=\"history-date btn-theme\">Julio 30, 1975<div class=\"history-hor-line btn-theme\"><\/div><\/div><div class=\"history-line btn-theme\"><\/div><div class=\"history-start-point btn-theme\"><span><\/span><\/div><\/div><div class=\"history-content\"><h4 class=\"history-title\">Fue registrada ante la Superintendencia Nacional de Cooperativas<\/h4><div class=\"history-entry-content\">\nPosteriormente DANCOOP y hoy Superintendencia de Econom\u00eda Solidaria con el nombre de Cooperativa de Empleados Universidad Jorge Tadeo Lozano Ltda, Sigla Cooptadeo.<br \/>\n<\/div><\/div><\/div>\n<\/div>\n<div class=\"col-md-4 col-sm-4\">\n<div class=\"alterna-sc-title left\"><div class=\"row\"><div class=\"col-md-12\"><div class=\"alterna-sc-title-container\"><h2 class=\"alterna-sc-entry-title  bold\">Valores Corporativos<\/h2><\/div><\/div><\/div><\/div>\n<div class=\"row\"><div class=\"col-md-12\"><div class=\"alterna-space small alterna-line solid\"><\/div><\/div><\/div>\n<div class=\"skills\">\n<div class=\"skill-element\"><span class=\"skill-bg purple\" data-percent=\"100%\"><\/span><span class=\"skill-name\">Equidad<\/span><span class=\"skill-progress\">100%<\/span><\/div>\n<div class=\"skill-element\"><span class=\"skill-bg darkcyan\" data-percent=\"100%\"><\/span><span class=\"skill-name\">Justicia<\/span><span class=\"skill-progress\">100%<\/span><\/div>\n<div class=\"skill-element\"><span class=\"skill-bg crimson\" data-percent=\"100%\"><\/span><span class=\"skill-name\">Solidaridad<\/span><span class=\"skill-progress\">100%<\/span><\/div>\n<div class=\"skill-element\"><span class=\"skill-bg green\" data-percent=\"100%\"><\/span><span class=\"skill-name\">Cooperaci\u00f3n<\/span><span class=\"skill-progress\">100%<\/span><\/div>\n<div class=\"skill-element\"><span class=\"skill-bg royalblue\" data-percent=\"100%\"><\/span><span class=\"skill-name\">Ayuda Mutua<\/span><span class=\"skill-progress\">100%<\/span><\/div>\n<div class=\"skill-element\"><span class=\"skill-bg purple\" data-percent=\"100%\"><\/span><span class=\"skill-name\">Adhesi\u00f3n Voluntaria<\/span><span class=\"skill-progress\">100%<\/span><\/div>\n<div class=\"skill-element\"><span class=\"skill-bg darkcyan\" data-percent=\"100%\"><\/span><span class=\"skill-name\">Calidad<\/span><span class=\"skill-progress\">100%<\/span><\/div>\n<div class=\"skill-element\"><span class=\"skill-bg crimson\" data-percent=\"100%\"><\/span><span class=\"skill-name\">Competitividad<\/span><span class=\"skill-progress\">100%<\/span><\/div>\n<div class=\"skill-element\"><span class=\"skill-bg green\" data-percent=\"100%\"><\/span><span class=\"skill-name\">\u00c9tica<\/span><span class=\"skill-progress\">100%<\/span><\/div>\n<div class=\"skill-element\"><span class=\"skill-bg royalblue\" data-percent=\"100%\"><\/span><span class=\"skill-name\">Oportunidad<\/span><span class=\"skill-progress\">100%<\/span><\/div>\n<div class=\"skill-element\"><span class=\"skill-bg purple\" data-percent=\"100%\"><\/span><span class=\"skill-name\">Conservaci\u00f3n<\/span><span class=\"skill-progress\">100%<\/span><\/div>\n<div class=\"skill-element\"><span class=\"skill-bg darkcyan\" data-percent=\"100%\"><\/span><span class=\"skill-name\">Adm. Democr\u00e1tica<\/span><span class=\"skill-progress\">100%<\/span><\/div>\n<\/div>\n<\/div>\n<\/div>\n<div class=\"row\"><div class=\"col-md-12\"><div class=\"alterna-space big alterna-line dashed\"><\/div><\/div><\/div>\n<div class=\"alterna-sc-title center\"><div class=\"row\"><div class=\"col-md-12\"><div class=\"alterna-sc-title-container\"><h2 class=\"alterna-sc-entry-title  bold\">Nuestro Equipo<\/h2><\/div><\/div><\/div><\/div>\n<div class=\"alterna-sc-title center\"><div class=\"row\"><div class=\"col-md-12\"><div class=\"alterna-sc-title-container\"><h4 class=\"alterna-sc-entry-title  \">Nuestro Objetivo es fomentar la solidaridad y el compa\u00f1erismo entre los asociados y contribuir al crecimiento del nivel educativo, cultural y social de los Cooperandos, que se refleja en mayores beneficios a la comunidad; de igual forma trabajamos por mantener una excelente imagen fundamentada en los principios \u00e9ticos y corporativos.<\/h4><\/div><\/div><\/div><\/div>\n<div class=\"row\"><div class=\"col-md-12\"><div class=\"alterna-space  \"><\/div><\/div><\/div>\n<div class=\"row\">\n<div class=\"col-md-3 col-sm-3\">\n<div class=\"team\"><div class=\"team-avatar royalblue\"><img decoding=\"async\" src=\"http:\/\/cooptadeo.com\/wordpress\/wp-content\/uploads\/2014\/09\/gerente.jpg\" alt=\"DEICY ALARC\u00d3N\" \/><\/div><div class=\"team-user-info\"><h4 class=\"team-title\">DEICY ALARC\u00d3N<\/h4><div class=\"team-job\">GERENTE GENERAL<\/div><\/div><div class=\"team-content\"><\/div><div class=\"team-socials\"><\/div><\/div>\n<\/div>\n<div class=\"col-md-3 col-sm-3\">\n<div class=\"team\"><div class=\"team-avatar darkcyan\"><img decoding=\"async\" src=\"http:\/\/cooptadeo.com\/wordpress\/wp-content\/uploads\/2019\/04\/elizabet-moreno-editada.png\" alt=\"ELIZABET MORENO\" \/><\/div><div class=\"team-user-info\"><h4 class=\"team-title\">ELIZABET MORENO<\/h4><div class=\"team-job\">ASISTENTE DE GERENCIA<\/div><\/div><div class=\"team-content\">\n<\/div><div class=\"team-socials\"><\/div><\/div>\n<\/div>\n<div class=\"col-md-3 col-sm-3\">\n<div class=\"team\"><div class=\"team-avatar btn-theme\"><img decoding=\"async\" src=\"http:\/\/cooptadeo.com\/wordpress\/wp-content\/uploads\/2019\/04\/claudia-gomez-editada.jpg\" alt=\"CLAUDIA G\u00d3MEZ\" \/><\/div><div class=\"team-user-info\"><h4 class=\"team-title\">CLAUDIA G\u00d3MEZ<\/h4><div class=\"team-job\">ANALISTA ADMININISTRATIVO<\/div><\/div><div class=\"team-content\">\n<\/div><div class=\"team-socials\"><\/div><\/div>\n<\/div>\n<div class=\"col-md-3 col-sm-3\">\n<div class=\"team\"><div class=\"team-avatar crimson\"><img decoding=\"async\" src=\"http:\/\/cooptadeo.com\/wordpress\/wp-content\/uploads\/2023\/12\/Diseno-sin-titulo-11.png\" alt=\"BRAYAN \u00d1A\u00d1EZ\" \/><\/div><div class=\"team-user-info\"><h4 class=\"team-title\">BRAYAN \u00d1A\u00d1EZ<\/h4><div class=\"team-job\">ANALISTA CONTABLE<\/div><\/div><div class=\"team-content\">\n<\/div><div class=\"team-socials\"><\/div><\/div>\n<\/div>\n<\/div>\n","protected":false},"excerpt":{"rendered":"<p>Fomentamos la solidaridad y el compa\u00f1erismo entre nuestros asociados.<\/p>\n","protected":false},"author":1,"featured_media":0,"parent":0,"menu_order":10,"comment_status":"open","ping_status":"open","template":"","meta":{"footnotes":""},"class_list":["post-8","page","type-page","status-publish","hentry"],"yoast_head":"<!-- This site is optimized with the Yoast SEO plugin v23.0 - https:\/\/yoast.com\/wordpress\/plugins\/seo\/ -->\n<title>\u00bfQui\u00e9nes somos? - Cooptadeo<\/title>\n<meta name=\"robots\" content=\"index, follow, max-snippet:-1, max-image-preview:large, max-video-preview:-1\" \/>\n<link rel=\"canonical\" href=\"https:\/\/cooptadeo.com\/wordpress\/quienes-somos\/\" \/>\n<meta property=\"og:locale\" content=\"es_ES\" \/>\n<meta property=\"og:type\" content=\"article\" \/>\n<meta property=\"og:title\" content=\"\u00bfQui\u00e9nes somos? - Cooptadeo\" \/>\n<meta property=\"og:description\" content=\"Fomentamos la solidaridad y el compa\u00f1erismo entre nuestros asociados.\" \/>\n<meta property=\"og:url\" content=\"https:\/\/cooptadeo.com\/wordpress\/quienes-somos\/\" \/>\n<meta property=\"og:site_name\" content=\"Cooptadeo\" \/>\n<meta property=\"article:modified_time\" content=\"2023-12-14T02:31:47+00:00\" \/>\n<meta property=\"og:image\" content=\"http:\/\/cooptadeo.com\/wordpress\/wp-content\/uploads\/2019\/04\/elizabet-moreno-editada.png\" \/>\n<meta name=\"twitter:card\" content=\"summary_large_image\" \/>\n<meta name=\"twitter:label1\" content=\"Tiempo de lectura\" \/>\n\t<meta name=\"twitter:data1\" content=\"3 minutos\" \/>\n<script type=\"application\/ld+json\" class=\"yoast-schema-graph\">{\"@context\":\"https:\/\/schema.org\",\"@graph\":[{\"@type\":\"WebPage\",\"@id\":\"https:\/\/cooptadeo.com\/wordpress\/quienes-somos\/\",\"url\":\"https:\/\/cooptadeo.com\/wordpress\/quienes-somos\/\",\"name\":\"\u00bfQui\u00e9nes somos? - Cooptadeo\",\"isPartOf\":{\"@id\":\"http:\/\/cooptadeo.com\/wordpress\/#website\"},\"primaryImageOfPage\":{\"@id\":\"https:\/\/cooptadeo.com\/wordpress\/quienes-somos\/#primaryimage\"},\"image\":{\"@id\":\"https:\/\/cooptadeo.com\/wordpress\/quienes-somos\/#primaryimage\"},\"thumbnailUrl\":\"http:\/\/cooptadeo.com\/wordpress\/wp-content\/uploads\/2019\/04\/elizabet-moreno-editada.png\",\"datePublished\":\"2009-08-30T21:55:15+00:00\",\"dateModified\":\"2023-12-14T02:31:47+00:00\",\"breadcrumb\":{\"@id\":\"https:\/\/cooptadeo.com\/wordpress\/quienes-somos\/#breadcrumb\"},\"inLanguage\":\"es\",\"potentialAction\":[{\"@type\":\"ReadAction\",\"target\":[\"https:\/\/cooptadeo.com\/wordpress\/quienes-somos\/\"]}]},{\"@type\":\"ImageObject\",\"inLanguage\":\"es\",\"@id\":\"https:\/\/cooptadeo.com\/wordpress\/quienes-somos\/#primaryimage\",\"url\":\"http:\/\/cooptadeo.com\/wordpress\/wp-content\/uploads\/2019\/04\/elizabet-moreno-editada.png\",\"contentUrl\":\"http:\/\/cooptadeo.com\/wordpress\/wp-content\/uploads\/2019\/04\/elizabet-moreno-editada.png\"},{\"@type\":\"BreadcrumbList\",\"@id\":\"https:\/\/cooptadeo.com\/wordpress\/quienes-somos\/#breadcrumb\",\"itemListElement\":[{\"@type\":\"ListItem\",\"position\":1,\"name\":\"Portada\",\"item\":\"http:\/\/cooptadeo.com\/wordpress\/\"},{\"@type\":\"ListItem\",\"position\":2,\"name\":\"\u00bfQui\u00e9nes somos?\"}]},{\"@type\":\"WebSite\",\"@id\":\"http:\/\/cooptadeo.com\/wordpress\/#website\",\"url\":\"http:\/\/cooptadeo.com\/wordpress\/\",\"name\":\"Cooptadeo\",\"description\":\"La cooperativa de la familia Tadeista\",\"potentialAction\":[{\"@type\":\"SearchAction\",\"target\":{\"@type\":\"EntryPoint\",\"urlTemplate\":\"http:\/\/cooptadeo.com\/wordpress\/?s={search_term_string}\"},\"query-input\":\"required name=search_term_string\"}],\"inLanguage\":\"es\"}]}<\/script>\n<!-- \/ Yoast SEO plugin. -->","yoast_head_json":{"title":"\u00bfQui\u00e9nes somos? - Cooptadeo","robots":{"index":"index","follow":"follow","max-snippet":"max-snippet:-1","max-image-preview":"max-image-preview:large","max-video-preview":"max-video-preview:-1"},"canonical":"https:\/\/cooptadeo.com\/wordpress\/quienes-somos\/","og_locale":"es_ES","og_type":"article","og_title":"\u00bfQui\u00e9nes somos? - Cooptadeo","og_description":"Fomentamos la solidaridad y el compa\u00f1erismo entre nuestros asociados.","og_url":"https:\/\/cooptadeo.com\/wordpress\/quienes-somos\/","og_site_name":"Cooptadeo","article_modified_time":"2023-12-14T02:31:47+00:00","og_image":[{"url":"http:\/\/cooptadeo.com\/wordpress\/wp-content\/uploads\/2019\/04\/elizabet-moreno-editada.png"}],"twitter_card":"summary_large_image","twitter_misc":{"Tiempo de lectura":"3 minutos"},"schema":{"@context":"https:\/\/schema.org","@graph":[{"@type":"WebPage","@id":"https:\/\/cooptadeo.com\/wordpress\/quienes-somos\/","url":"https:\/\/cooptadeo.com\/wordpress\/quienes-somos\/","name":"\u00bfQui\u00e9nes somos? - Cooptadeo","isPartOf":{"@id":"http:\/\/cooptadeo.com\/wordpress\/#website"},"primaryImageOfPage":{"@id":"https:\/\/cooptadeo.com\/wordpress\/quienes-somos\/#primaryimage"},"image":{"@id":"https:\/\/cooptadeo.com\/wordpress\/quienes-somos\/#primaryimage"},"thumbnailUrl":"http:\/\/cooptadeo.com\/wordpress\/wp-content\/uploads\/2019\/04\/elizabet-moreno-editada.png","datePublished":"2009-08-30T21:55:15+00:00","dateModified":"2023-12-14T02:31:47+00:00","breadcrumb":{"@id":"https:\/\/cooptadeo.com\/wordpress\/quienes-somos\/#breadcrumb"},"inLanguage":"es","potentialAction":[{"@type":"ReadAction","target":["https:\/\/cooptadeo.com\/wordpress\/quienes-somos\/"]}]},{"@type":"ImageObject","inLanguage":"es","@id":"https:\/\/cooptadeo.com\/wordpress\/quienes-somos\/#primaryimage","url":"http:\/\/cooptadeo.com\/wordpress\/wp-content\/uploads\/2019\/04\/elizabet-moreno-editada.png","contentUrl":"http:\/\/cooptadeo.com\/wordpress\/wp-content\/uploads\/2019\/04\/elizabet-moreno-editada.png"},{"@type":"BreadcrumbList","@id":"https:\/\/cooptadeo.com\/wordpress\/quienes-somos\/#breadcrumb","itemListElement":[{"@type":"ListItem","position":1,"name":"Portada","item":"http:\/\/cooptadeo.com\/wordpress\/"},{"@type":"ListItem","position":2,"name":"\u00bfQui\u00e9nes somos?"}]},{"@type":"WebSite","@id":"http:\/\/cooptadeo.com\/wordpress\/#website","url":"http:\/\/cooptadeo.com\/wordpress\/","name":"Cooptadeo","description":"La cooperativa de la familia Tadeista","potentialAction":[{"@type":"SearchAction","target":{"@type":"EntryPoint","urlTemplate":"http:\/\/cooptadeo.com\/wordpress\/?s={search_term_string}"},"query-input":"required name=search_term_string"}],"inLanguage":"es"}]}},"_links":{"self":[{"href":"https:\/\/cooptadeo.com\/wordpress\/wp-json\/wp\/v2\/pages\/8"}],"collection":[{"href":"https:\/\/cooptadeo.com\/wordpress\/wp-json\/wp\/v2\/pages"}],"about":[{"href":"https:\/\/cooptadeo.com\/wordpress\/wp-json\/wp\/v2\/types\/page"}],"author":[{"embeddable":true,"href":"https:\/\/cooptadeo.com\/wordpress\/wp-json\/wp\/v2\/users\/1"}],"replies":[{"embeddable":true,"href":"https:\/\/cooptadeo.com\/wordpress\/wp-json\/wp\/v2\/comments?post=8"}],"version-history":[{"count":48,"href":"https:\/\/cooptadeo.com\/wordpress\/wp-json\/wp\/v2\/pages\/8\/revisions"}],"predecessor-version":[{"id":1608,"href":"https:\/\/cooptadeo.com\/wordpress\/wp-json\/wp\/v2\/pages\/8\/revisions\/1608"}],"wp:attachment":[{"href":"https:\/\/cooptadeo.com\/wordpress\/wp-json\/wp\/v2\/media?parent=8"}],"curies":[{"name":"wp","href":"https:\/\/api.w.org\/{rel}","templated":true}]}}