{"id":50,"date":"2009-09-01T01:23:00","date_gmt":"2009-09-01T01:23:00","guid":{"rendered":"http:\/\/cooptadeo.com\/wordpress\/simulador\/"},"modified":"2009-09-01T01:23:00","modified_gmt":"2009-09-01T01:23:00","slug":"simulador","status":"publish","type":"page","link":"https:\/\/cooptadeo.com\/wordpress\/simulador\/","title":{"rendered":"Simulador"},"content":{"rendered":"<p><span class=\"tituloArticulo\"><br \/><\/span><\/p>\n<p><span class=\"tituloArticulo\">SIMULADOR DE CREDITO<\/span><\/p>\n<div class=\"loan\">\n<div id=\"srcamt\" class=\"loan_src\">\n<form>\n<table border=\"0\" align=\"center\">\n<tbody>\n<tr>\n<td>Valor Solicitado:<\/td>\n<td><input id=\"monto\" onkeyup=\"moneda(this,this.form.monto)\" name=\"monto\" size=\"14\" type=\"text\" \/><\/td>\n<\/tr>\n<tr>\n<td>L\u00ednea de Cr\u00e9dito:<\/td>\n<td><select id=\"tasa\" name=\"tasa\"><option value=\"0\">Linea de Credito<\/option><option value=\"18\">Com\u00fan<\/option><option value=\"18\">Crediaportes<\/option><option value=\"14.4\">Transitorio<\/option><option value=\"12\">Solidaridad<\/option><option value=\"16.8\">Convenio<\/option><\/select><\/td>\n<\/tr>\n<tr>\n<td><\/td>\n<td><label> <select id=\"plazo\" name=\"plazo\"><option value=\"0\"> Plazo <\/option><\/select> <\/label><\/td>\n<\/tr>\n<tr>\n<td colspan=\"2\"><label for=\"tt\"><\/label> <label><\/label> <label for=\"temp\"><\/label> <label for=\"valorr\">Pagos extemporaneos<\/label><\/td>\n<\/tr>\n<tr>\n<td><label for=\"pExt1\"> Cuota No:<\/label><\/td>\n<td>Valor:<\/td>\n<\/tr>\n<tr>\n<td><input id=\"cpExt1\" name=\"cpExt1\" size=\"2\" type=\"text\" value=\"0\" \/><\/td>\n<td><label for=\"pExt1\"><\/label> <input id=\"pExt1\" name=\"pExt1\" size=\"14\" type=\"text\" value=\"0\" \/><\/td>\n<\/tr>\n<tr>\n<td><input id=\"cpExt2\" name=\"cpExt2\" size=\"2\" type=\"text\" value=\"0\" \/><\/td>\n<td><input id=\"pExt2\" name=\"pExt2\" size=\"14\" type=\"text\" value=\"0\" \/><\/td>\n<\/tr>\n<tr>\n<td><input id=\"cpExt3\" name=\"cpExt3\" size=\"2\" type=\"text\" value=\"0\" \/><\/td>\n<td><input id=\"pExt3\" name=\"pExt3\" size=\"14\" type=\"text\" value=\"0\" \/><\/td>\n<\/tr>\n<tr>\n<td style=\"padding-top:5px\" colspan=\"2\" align=\"center\"><input class=\"button\" onclick=\"return check()\" type=\"button\" value=\"Simular\" \/> <input class=\"button\" onclick=\"clearScreen()\" type=\"button\" value=\"Borrar\" \/><\/td>\n<\/tr>\n<\/tbody>\n<\/table><\/form>\n<\/div>\n<p> <!--[if IE 6]> <mce:script type=\"text\/javascript\"><!  document.all.srcamt.style.width=\"235px\";document.all.pmt.style.width=\"235px\"; \/\/ --> <!--[endif]--><\/div>\n","protected":false},"excerpt":{"rendered":"<p>SIMULADOR DE CREDITO Valor Solicitado: L\u00ednea de Cr\u00e9dito: Linea de CreditoCom\u00fanCrediaportesTransitorioSolidaridadConvenio Plazo Pagos extemporaneos Cuota No: Valor:<\/p>\n","protected":false},"author":1,"featured_media":0,"parent":0,"menu_order":6,"comment_status":"open","ping_status":"open","template":"","meta":{"footnotes":""},"class_list":["post-50","page","type-page","status-publish","hentry"],"yoast_head":"<!-- This site is optimized with the Yoast SEO plugin v23.0 - https:\/\/yoast.com\/wordpress\/plugins\/seo\/ -->\n<title>Simulador - Cooptadeo<\/title>\n<meta name=\"robots\" content=\"index, follow, max-snippet:-1, max-image-preview:large, max-video-preview:-1\" \/>\n<link rel=\"canonical\" href=\"https:\/\/cooptadeo.com\/wordpress\/simulador\/\" \/>\n<meta property=\"og:locale\" content=\"es_ES\" \/>\n<meta property=\"og:type\" content=\"article\" \/>\n<meta property=\"og:title\" content=\"Simulador - Cooptadeo\" \/>\n<meta property=\"og:description\" content=\"SIMULADOR DE CREDITO Valor Solicitado: L\u00ednea de Cr\u00e9dito: Linea de CreditoCom\u00fanCrediaportesTransitorioSolidaridadConvenio Plazo Pagos extemporaneos Cuota No: Valor:\" \/>\n<meta property=\"og:url\" content=\"https:\/\/cooptadeo.com\/wordpress\/simulador\/\" \/>\n<meta property=\"og:site_name\" content=\"Cooptadeo\" \/>\n<meta name=\"twitter:card\" content=\"summary_large_image\" \/>\n<script type=\"application\/ld+json\" class=\"yoast-schema-graph\">{\"@context\":\"https:\/\/schema.org\",\"@graph\":[{\"@type\":\"WebPage\",\"@id\":\"https:\/\/cooptadeo.com\/wordpress\/simulador\/\",\"url\":\"https:\/\/cooptadeo.com\/wordpress\/simulador\/\",\"name\":\"Simulador - Cooptadeo\",\"isPartOf\":{\"@id\":\"http:\/\/cooptadeo.com\/wordpress\/#website\"},\"datePublished\":\"2009-09-01T01:23:00+00:00\",\"dateModified\":\"2009-09-01T01:23:00+00:00\",\"breadcrumb\":{\"@id\":\"https:\/\/cooptadeo.com\/wordpress\/simulador\/#breadcrumb\"},\"inLanguage\":\"es\",\"potentialAction\":[{\"@type\":\"ReadAction\",\"target\":[\"https:\/\/cooptadeo.com\/wordpress\/simulador\/\"]}]},{\"@type\":\"BreadcrumbList\",\"@id\":\"https:\/\/cooptadeo.com\/wordpress\/simulador\/#breadcrumb\",\"itemListElement\":[{\"@type\":\"ListItem\",\"position\":1,\"name\":\"Portada\",\"item\":\"http:\/\/cooptadeo.com\/wordpress\/\"},{\"@type\":\"ListItem\",\"position\":2,\"name\":\"Simulador\"}]},{\"@type\":\"WebSite\",\"@id\":\"http:\/\/cooptadeo.com\/wordpress\/#website\",\"url\":\"http:\/\/cooptadeo.com\/wordpress\/\",\"name\":\"Cooptadeo\",\"description\":\"La cooperativa de la familia Tadeista\",\"potentialAction\":[{\"@type\":\"SearchAction\",\"target\":{\"@type\":\"EntryPoint\",\"urlTemplate\":\"http:\/\/cooptadeo.com\/wordpress\/?s={search_term_string}\"},\"query-input\":\"required name=search_term_string\"}],\"inLanguage\":\"es\"}]}<\/script>\n<!-- \/ Yoast SEO plugin. -->","yoast_head_json":{"title":"Simulador - Cooptadeo","robots":{"index":"index","follow":"follow","max-snippet":"max-snippet:-1","max-image-preview":"max-image-preview:large","max-video-preview":"max-video-preview:-1"},"canonical":"https:\/\/cooptadeo.com\/wordpress\/simulador\/","og_locale":"es_ES","og_type":"article","og_title":"Simulador - Cooptadeo","og_description":"SIMULADOR DE CREDITO Valor Solicitado: L\u00ednea de Cr\u00e9dito: Linea de CreditoCom\u00fanCrediaportesTransitorioSolidaridadConvenio Plazo Pagos extemporaneos Cuota No: Valor:","og_url":"https:\/\/cooptadeo.com\/wordpress\/simulador\/","og_site_name":"Cooptadeo","twitter_card":"summary_large_image","schema":{"@context":"https:\/\/schema.org","@graph":[{"@type":"WebPage","@id":"https:\/\/cooptadeo.com\/wordpress\/simulador\/","url":"https:\/\/cooptadeo.com\/wordpress\/simulador\/","name":"Simulador - Cooptadeo","isPartOf":{"@id":"http:\/\/cooptadeo.com\/wordpress\/#website"},"datePublished":"2009-09-01T01:23:00+00:00","dateModified":"2009-09-01T01:23:00+00:00","breadcrumb":{"@id":"https:\/\/cooptadeo.com\/wordpress\/simulador\/#breadcrumb"},"inLanguage":"es","potentialAction":[{"@type":"ReadAction","target":["https:\/\/cooptadeo.com\/wordpress\/simulador\/"]}]},{"@type":"BreadcrumbList","@id":"https:\/\/cooptadeo.com\/wordpress\/simulador\/#breadcrumb","itemListElement":[{"@type":"ListItem","position":1,"name":"Portada","item":"http:\/\/cooptadeo.com\/wordpress\/"},{"@type":"ListItem","position":2,"name":"Simulador"}]},{"@type":"WebSite","@id":"http:\/\/cooptadeo.com\/wordpress\/#website","url":"http:\/\/cooptadeo.com\/wordpress\/","name":"Cooptadeo","description":"La cooperativa de la familia Tadeista","potentialAction":[{"@type":"SearchAction","target":{"@type":"EntryPoint","urlTemplate":"http:\/\/cooptadeo.com\/wordpress\/?s={search_term_string}"},"query-input":"required name=search_term_string"}],"inLanguage":"es"}]}},"_links":{"self":[{"href":"https:\/\/cooptadeo.com\/wordpress\/wp-json\/wp\/v2\/pages\/50"}],"collection":[{"href":"https:\/\/cooptadeo.com\/wordpress\/wp-json\/wp\/v2\/pages"}],"about":[{"href":"https:\/\/cooptadeo.com\/wordpress\/wp-json\/wp\/v2\/types\/page"}],"author":[{"embeddable":true,"href":"https:\/\/cooptadeo.com\/wordpress\/wp-json\/wp\/v2\/users\/1"}],"replies":[{"embeddable":true,"href":"https:\/\/cooptadeo.com\/wordpress\/wp-json\/wp\/v2\/comments?post=50"}],"version-history":[{"count":0,"href":"https:\/\/cooptadeo.com\/wordpress\/wp-json\/wp\/v2\/pages\/50\/revisions"}],"wp:attachment":[{"href":"https:\/\/cooptadeo.com\/wordpress\/wp-json\/wp\/v2\/media?parent=50"}],"curies":[{"name":"wp","href":"https:\/\/api.w.org\/{rel}","templated":true}]}}