{"id":370,"date":"2014-07-25T20:08:01","date_gmt":"2014-07-25T20:08:01","guid":{"rendered":"http:\/\/cooptadeo.com\/wordpress\/?page_id=370"},"modified":"2019-03-20T21:14:53","modified_gmt":"2019-03-20T21:14:53","slug":"creditos","status":"publish","type":"page","link":"https:\/\/cooptadeo.com\/wordpress\/creditos\/","title":{"rendered":"Creditos"},"content":{"rendered":"<div class=\"alterna-title\"><h1 class=\"left  \">Creditos<\/h1><div class=\"line\"><span class=\"left-line\"><\/span><span class=\"right-line\"><\/span><\/div><\/div><div class=\"clear\"><\/div><div class=\"row\"><div class=\"col-md-12\"><div class=\"alterna-space  \"><\/div><\/div><\/div>\n<div class=\"row\"><\/div>\n<div class=\"col-md-4 col-sm-4\">\n<div class=\"alterna-service content_bg center alterna-service-icon-bg\" ><div class=\"alterna-service-img-content\"><div class=\"alterna-service-icon deepskyblue service-rotate-scale\"><i class=\"fa fa-stack-overflow\"><\/i><\/div><\/div><div class=\"alterna-service-content\"><h3 class=\"alterna-service-title\">Credito Com\u00fan<\/h3><div class=\"alterna-service-entry-content\">\n<h5 style=\"text-align: center;\"><strong><span style=\"color: #808080;\">Tipo de credito: <\/span><\/strong><\/h5>\n<p style=\"text-align: center;\">Libre inversi\u00f3n<\/p>\n<h5 style=\"text-align: center;\"><strong><span style=\"color: #808080;\">Plazo:\u00a0<\/span><\/strong><\/h5>\n<p style=\"text-align: center;\">Hasta 48 meses<\/p>\n<h5 style=\"text-align: center;\"><span style=\"color: #808080;\"><strong>Intereses:\u00a0<\/strong><\/span><\/h5>\n<p style=\"text-align: center;\">1-12 meses \/ 1.14% mv<\/p>\n<p style=\"text-align: center;\">13-25 meses \/ 1.24% mv<\/p>\n<p style=\"text-align: center;\">26-48 meses \/ 1.34% mv<\/p>\n<h5 style=\"text-align: center;\"><span style=\"color: #808080;\"><strong>Requisitos:<\/strong><\/span><\/h5>\n<p style=\"text-align: center;\">Cumplir con las condiciones Generales.<\/p>\n<p style=\"text-align: center;\">Para renovaci\u00f3n haber cancelado el 45% del pr\u00e9stamo anterior.<\/p>\n<div class=\"col-md-6 col-sm-6\"><a  class=\"btn float-btn  deepskyblue\" href=\"http:\/\/cooptadeo.com\/wordpress\/simulador\/\" target=\"_blank\" >Simulador<\/a><\/div><div class=\"col-md-6 col-sm-6\"><a  class=\"btn float-btn  deepskyblue\" href=\"http:\/\/cooptadeo.com\/wordpress\/reglamento-de-credito\/\" target=\"_blank\" >Reglamento<\/a><\/div>\n<\/div><a  class=\"btn float-btn  deepskyblue\" href=\"http:\/\/cooptadeo.com\/wordpress\/solicitud-de-credito\/\" target=\"\" >Solicitud de credito<\/a><\/div><\/div>\n<\/div>\n<div class=\"col-md-4 col-sm-4\">\n<div class=\"alterna-service content_bg center alterna-service-icon-bg\" ><div class=\"alterna-service-img-content\"><div class=\"alterna-service-icon crimson service-rotate-scale\"><i class=\"fa fa-stack-overflow\"><\/i><\/div><\/div><div class=\"alterna-service-content\"><h3 class=\"alterna-service-title\">Crediaportes<\/h3><div class=\"alterna-service-entry-content\">\n<h5 style=\"text-align: center;\"><strong><span style=\"color: #808080;\">Tipo de credito: <\/span><\/strong><\/h5>\n<p style=\"text-align: center;\">Libre inversi\u00f3n<\/p>\n<h5 style=\"text-align: center;\"><strong><span style=\"color: #808080;\">Plazo:\u00a0<\/span><\/strong><\/h5>\n<p>.<\/p>\n<p style=\"text-align: center;\">Hasta 12 meses<\/p>\n<p>.<\/p>\n<h5 style=\"text-align: center;\"><span style=\"color: #808080;\"><strong>Intereses:\u00a0<\/strong><\/span><\/h5>\n<p style=\"text-align: center;\">1.19% mv<\/p>\n<h5 style=\"text-align: center;\"><span style=\"color: #808080;\"><strong>Requisitos:<\/strong><\/span><\/h5>\n<p style=\"text-align: center;\">Cumplir con las condiciones generales.<\/p>\n<p style=\"text-align: center;\">Para renovaci\u00f3n haber cancelado el 25% del prestamo \u00a0anterior.<\/p>\n<div class=\"col-md-6 col-sm-6\"><a  class=\"btn float-btn  crimson\" href=\"http:\/\/cooptadeo.com\/wordpress\/simulador\/\" target=\"_blank\" >Simulador<\/a><\/div><div class=\"col-md-6 col-sm-6\"><a  class=\"btn float-btn  crimson\" href=\"http:\/\/cooptadeo.com\/wordpress\/reglamento-de-credito\/\" target=\"_blank\" >Reglamento<\/a><\/div><\/div><a  class=\"btn float-btn  crimson\" href=\"http:\/\/cooptadeo.com\/wordpress\/solicitud-de-credito\/\" target=\"\" >Solicitud de credito<\/a><\/div><\/div>\n<\/div>\n<div class=\"col-md-4 col-sm-4\">\n<div class=\"alterna-service content_bg center alterna-service-icon-bg\" ><div class=\"alterna-service-img-content\"><div class=\"alterna-service-icon gold service-rotate-scale\"><i class=\"fa fa-stack-overflow\"><\/i><\/div><\/div><div class=\"alterna-service-content\"><h3 class=\"alterna-service-title\">Credito Transitorio<\/h3><div class=\"alterna-service-entry-content\">\n<h5 style=\"text-align: center;\"><strong><span style=\"color: #808080;\">Tipo de credito: <\/span><\/strong><\/h5>\n<p style=\"text-align: center;\">Libre inversi\u00f3n<\/p>\n<h5 style=\"text-align: center;\"><strong><span style=\"color: #808080;\">Plazo:\u00a0<\/span><\/strong><\/h5>\n<p>.<\/p>\n<p style=\"text-align: center;\">Hasta 3 meses<\/p>\n<h5 style=\"text-align: center;\"><span style=\"color: #808080;\"><strong>Intereses:\u00a0<\/strong><\/span><\/h5>\n<p style=\"text-align: center;\">0,94% mv<\/p>\n<p>.<\/p>\n<h5 style=\"text-align: center;\"><span style=\"color: #808080;\"><strong>Requisitos:<\/strong><\/span><\/h5>\n<p style=\"text-align: center;\">Cumplir con las condiciones generales.<\/p>\n<p style=\"text-align: center;\">Para renovaci\u00f3n haber cancelado el 100% \u00a0pr\u00e9stamo anterior.<\/p>\n<div class=\"col-md-6 col-sm-6\"><a  class=\"btn float-btn  gold\" href=\"http:\/\/cooptadeo.com\/wordpress\/simulador\/\" target=\"_blank\" >Simulador<\/a><\/div><div class=\"col-md-6 col-sm-6\"><a  class=\"btn float-btn  gold\" href=\"http:\/\/cooptadeo.com\/wordpress\/reglamento-de-credito\/\" target=\"_blank\" >Reglamento<\/a><\/div><\/div><a  class=\"btn float-btn  gold\" href=\"http:\/\/cooptadeo.com\/wordpress\/solicitud-de-credito\/\" target=\"\" >Solicitud de credito<\/a><\/div><\/div>\n<\/div>\n<div class=\"row\"><\/div>\n<div class=\"row\"><div class=\"col-md-12\"><div class=\"alterna-space  \"><\/div><\/div><\/div>\n<div class=\"row\"><\/div>\n<div class=\"col-md-4 col-sm-4\">\n<div class=\"alterna-service content_bg center alterna-service-icon-bg\" ><div class=\"alterna-service-img-content\"><div class=\"alterna-service-icon btn-theme service-rotate-scale\"><i class=\"fa fa-stack-overflow\"><\/i><\/div><\/div><div class=\"alterna-service-content\"><h3 class=\"alterna-service-title\">Credito de Solidaridad<\/h3><div class=\"alterna-service-entry-content\">\n<h5 style=\"text-align: center;\"><strong><span style=\"color: #808080;\">Tipo de credito:<\/span><\/strong><\/h5>\n<p style=\"text-align: center;\">Educaci\u00f3n Formal, Bienestar, Calamidad Dom\u00e9stica, Adquisici\u00f3n de tecnolog\u00edas de informaci\u00f3n<\/p>\n<h5 style=\"text-align: center;\"><strong><span style=\"color: #808080;\">Plazo:\u00a0<\/span><\/strong><\/h5>\n<p style=\"text-align: center;\">Hasta 12 meses<\/p>\n<p style=\"text-align: center;\">En condiciones especiales hasta 24 meses<\/p>\n<h5 style=\"text-align: center;\"><span style=\"color: #808080;\"><strong>Intereses:\u00a0<\/strong><\/span><\/h5>\n<p style=\"text-align: center;\">0.74% mv<\/p>\n<h5 style=\"text-align: center;\"><span style=\"color: #808080;\"><strong>Requisitos:<\/strong><\/span><\/h5>\n<p style=\"text-align: center;\">Cumplir con las condiciones generales, contar con aprobaci\u00f3n del comit\u00e9 de Cr\u00e9dito, \u00a0se requiere cotizaci\u00f3n previa y el desembolso del cr\u00e9dito se har\u00e1 a favor del proveedor respectivo.<\/p>\n<div class=\"col-md-6 col-sm-6\"><a  class=\"btn float-btn  btn-theme \" href=\"http:\/\/cooptadeo.com\/wordpress\/simulador\/\" target=\"_blank\" >Simulador<\/a><\/div><div class=\"col-md-6 col-sm-6\"><a  class=\"btn float-btn  btn-theme \" href=\"http:\/\/cooptadeo.com\/wordpress\/reglamento-de-credito\/\" target=\"_blank\" >Reglamento<\/a><\/div><\/div><a  class=\"btn float-btn  btn-theme\" href=\"http:\/\/cooptadeo.com\/wordpress\/solicitud-de-credito\/\" target=\"\" >Solicitud de credito<\/a><\/div><\/div>\n<\/div>\n<div class=\"col-md-4 col-sm-4\">\n<div class=\"alterna-service content_bg center alterna-service-icon-bg\" ><div class=\"alterna-service-img-content\"><div class=\"alterna-service-icon purple service-rotate-scale\"><i class=\"fa fa-stack-overflow\"><\/i><\/div><\/div><div class=\"alterna-service-content\"><h3 class=\"alterna-service-title\">Credito por convenio<\/h3><div class=\"alterna-service-entry-content\">\n<h5 style=\"text-align: center;\"><strong><span style=\"color: #808080;\">Tipo de credito: <\/span><\/strong><\/h5>\n<p style=\"text-align: center;\">Se otorga para la adquisici\u00f3n de productos ofrecidos por las empresas con las cuales\u00a0<strong>Cooptadeo<\/strong>\u00a0ha celebrado convenios.<\/p>\n<h5 style=\"text-align: center;\"><strong><span style=\"color: #808080;\">Plazo:\u00a0<\/span><\/strong><\/h5>\n<p style=\"text-align: center;\">Hasta 10 meses.<\/p>\n<h5 style=\"text-align: center;\"><span style=\"color: #808080;\"><strong>Intereses:\u00a0<\/strong><\/span><\/h5>\n<p style=\"text-align: center;\">.<\/p>\n<p style=\"text-align: center;\">1.19% mv<\/p>\n<p>.<\/p>\n<h5 style=\"text-align: center;\"><span style=\"color: #808080;\"><strong>Requisitos:<\/strong><\/span><\/h5>\n<p style=\"text-align: center;\">Cumplir con las condiciones Generales, el desembolso del cr\u00e9dito se har\u00e1 a favor del proveedor.<\/p>\n<div class=\"col-md-6 col-sm-6\"><a  class=\"btn float-btn  purple\" href=\"http:\/\/cooptadeo.com\/wordpress\/simulador\/\" target=\"_blank\" >Simulador<\/a><\/div><div class=\"col-md-6 col-sm-6\"><a  class=\"btn float-btn  purple\" href=\"http:\/\/cooptadeo.com\/wordpress\/reglamento-de-credito\/\" target=\"_blank\" >Reglamento<\/a><\/div><\/div><a  class=\"btn float-btn  purple\" href=\"http:\/\/cooptadeo.com\/wordpress\/solicitud-de-credito\/\" target=\"\" >Solicitud de credito<\/a><\/div><\/div>\n<\/div>\n<div class=\"col-md-4 col-sm-4\">\n<div class=\"alterna-service content_bg center alterna-service-icon-bg\" ><div class=\"alterna-service-img-content\"><div class=\"alterna-service-icon darkcyan service-rotate-scale\"><i class=\"fa fa-stack-overflow\"><\/i><\/div><\/div><div class=\"alterna-service-content\"><h3 class=\"alterna-service-title\">Cr\u00e9dito consolidaci\u00f3n de obligaciones externas<\/h3><div class=\"alterna-service-entry-content\">\n<h5 style=\"text-align: center;\"><strong><span style=\"color: #808080;\">Tipo de credito: <\/span><\/strong><\/h5>\n<p style=\"text-align: center;\">Consolidaci\u00f3n de obligaciones externas<\/p>\n<h5 style=\"text-align: center;\"><strong><span style=\"color: #808080;\">Plazo:\u00a0<\/span><\/strong><\/h5>\n<p style=\"text-align: center;\">.<\/p>\n<p style=\"text-align: center;\">Hasta 48 meses<\/p>\n<p>.<\/p>\n<h5 style=\"text-align: center;\"><span style=\"color: #808080;\"><strong>Intereses:\u00a0<\/strong><\/span><\/h5>\n<p style=\"text-align: center;\">.<\/p>\n<p style=\"text-align: center;\">0,80% mv<\/p>\n<p>.<\/p>\n<h5 style=\"text-align: center;\"><span style=\"color: #808080;\"><strong>Requisitos:<\/strong><\/span><\/h5>\n<p style=\"text-align: center;\">Cumplir con las condiciones Generales.<\/p>\n<div class=\"col-md-6 col-sm-6\"><a  class=\"btn float-btn  darkcyan\" href=\"http:\/\/cooptadeo.com\/wordpress\/simulador\/\" target=\"_blank\" >Simulador<\/a><\/div><div class=\"col-md-6 col-sm-6\"><a  class=\"btn float-btn  darkcyan\" href=\"http:\/\/cooptadeo.com\/wordpress\/reglamento-de-credito\/\" target=\"_blank\" >Reglamento<\/a><\/div><\/div><a  class=\"btn float-btn  darkcyan\" href=\"http:\/\/cooptadeo.com\/wordpress\/solicitud-de-credito\/\" target=\"\" >Solicitud de credito<\/a><\/div><\/div>\n<\/div>\n<div class=\"row\"><\/div>\n<div class=\"row\"><div class=\"col-md-12\"><div class=\"alterna-space  \"><\/div><\/div><\/div>\n","protected":false},"excerpt":{"rendered":"","protected":false},"author":1,"featured_media":0,"parent":0,"menu_order":0,"comment_status":"closed","ping_status":"closed","template":"","meta":{"footnotes":""},"class_list":["post-370","page","type-page","status-publish","hentry"],"yoast_head":"<!-- This site is optimized with the Yoast SEO plugin v23.0 - https:\/\/yoast.com\/wordpress\/plugins\/seo\/ -->\n<title>Creditos - Cooptadeo<\/title>\n<meta name=\"robots\" content=\"index, follow, max-snippet:-1, max-image-preview:large, max-video-preview:-1\" \/>\n<link rel=\"canonical\" href=\"https:\/\/cooptadeo.com\/wordpress\/creditos\/\" \/>\n<meta property=\"og:locale\" content=\"es_ES\" \/>\n<meta property=\"og:type\" content=\"article\" \/>\n<meta property=\"og:title\" content=\"Creditos - Cooptadeo\" \/>\n<meta property=\"og:url\" content=\"https:\/\/cooptadeo.com\/wordpress\/creditos\/\" \/>\n<meta property=\"og:site_name\" content=\"Cooptadeo\" \/>\n<meta property=\"article:modified_time\" content=\"2019-03-20T21:14:53+00:00\" \/>\n<meta name=\"twitter:card\" content=\"summary_large_image\" \/>\n<meta name=\"twitter:label1\" content=\"Tiempo de lectura\" \/>\n\t<meta name=\"twitter:data1\" content=\"3 minutos\" \/>\n<script type=\"application\/ld+json\" class=\"yoast-schema-graph\">{\"@context\":\"https:\/\/schema.org\",\"@graph\":[{\"@type\":\"WebPage\",\"@id\":\"https:\/\/cooptadeo.com\/wordpress\/creditos\/\",\"url\":\"https:\/\/cooptadeo.com\/wordpress\/creditos\/\",\"name\":\"Creditos - Cooptadeo\",\"isPartOf\":{\"@id\":\"http:\/\/cooptadeo.com\/wordpress\/#website\"},\"datePublished\":\"2014-07-25T20:08:01+00:00\",\"dateModified\":\"2019-03-20T21:14:53+00:00\",\"breadcrumb\":{\"@id\":\"https:\/\/cooptadeo.com\/wordpress\/creditos\/#breadcrumb\"},\"inLanguage\":\"es\",\"potentialAction\":[{\"@type\":\"ReadAction\",\"target\":[\"https:\/\/cooptadeo.com\/wordpress\/creditos\/\"]}]},{\"@type\":\"BreadcrumbList\",\"@id\":\"https:\/\/cooptadeo.com\/wordpress\/creditos\/#breadcrumb\",\"itemListElement\":[{\"@type\":\"ListItem\",\"position\":1,\"name\":\"Portada\",\"item\":\"http:\/\/cooptadeo.com\/wordpress\/\"},{\"@type\":\"ListItem\",\"position\":2,\"name\":\"Creditos\"}]},{\"@type\":\"WebSite\",\"@id\":\"http:\/\/cooptadeo.com\/wordpress\/#website\",\"url\":\"http:\/\/cooptadeo.com\/wordpress\/\",\"name\":\"Cooptadeo\",\"description\":\"La cooperativa de la familia Tadeista\",\"potentialAction\":[{\"@type\":\"SearchAction\",\"target\":{\"@type\":\"EntryPoint\",\"urlTemplate\":\"http:\/\/cooptadeo.com\/wordpress\/?s={search_term_string}\"},\"query-input\":\"required name=search_term_string\"}],\"inLanguage\":\"es\"}]}<\/script>\n<!-- \/ Yoast SEO plugin. -->","yoast_head_json":{"title":"Creditos - Cooptadeo","robots":{"index":"index","follow":"follow","max-snippet":"max-snippet:-1","max-image-preview":"max-image-preview:large","max-video-preview":"max-video-preview:-1"},"canonical":"https:\/\/cooptadeo.com\/wordpress\/creditos\/","og_locale":"es_ES","og_type":"article","og_title":"Creditos - Cooptadeo","og_url":"https:\/\/cooptadeo.com\/wordpress\/creditos\/","og_site_name":"Cooptadeo","article_modified_time":"2019-03-20T21:14:53+00:00","twitter_card":"summary_large_image","twitter_misc":{"Tiempo de lectura":"3 minutos"},"schema":{"@context":"https:\/\/schema.org","@graph":[{"@type":"WebPage","@id":"https:\/\/cooptadeo.com\/wordpress\/creditos\/","url":"https:\/\/cooptadeo.com\/wordpress\/creditos\/","name":"Creditos - Cooptadeo","isPartOf":{"@id":"http:\/\/cooptadeo.com\/wordpress\/#website"},"datePublished":"2014-07-25T20:08:01+00:00","dateModified":"2019-03-20T21:14:53+00:00","breadcrumb":{"@id":"https:\/\/cooptadeo.com\/wordpress\/creditos\/#breadcrumb"},"inLanguage":"es","potentialAction":[{"@type":"ReadAction","target":["https:\/\/cooptadeo.com\/wordpress\/creditos\/"]}]},{"@type":"BreadcrumbList","@id":"https:\/\/cooptadeo.com\/wordpress\/creditos\/#breadcrumb","itemListElement":[{"@type":"ListItem","position":1,"name":"Portada","item":"http:\/\/cooptadeo.com\/wordpress\/"},{"@type":"ListItem","position":2,"name":"Creditos"}]},{"@type":"WebSite","@id":"http:\/\/cooptadeo.com\/wordpress\/#website","url":"http:\/\/cooptadeo.com\/wordpress\/","name":"Cooptadeo","description":"La cooperativa de la familia Tadeista","potentialAction":[{"@type":"SearchAction","target":{"@type":"EntryPoint","urlTemplate":"http:\/\/cooptadeo.com\/wordpress\/?s={search_term_string}"},"query-input":"required name=search_term_string"}],"inLanguage":"es"}]}},"_links":{"self":[{"href":"https:\/\/cooptadeo.com\/wordpress\/wp-json\/wp\/v2\/pages\/370"}],"collection":[{"href":"https:\/\/cooptadeo.com\/wordpress\/wp-json\/wp\/v2\/pages"}],"about":[{"href":"https:\/\/cooptadeo.com\/wordpress\/wp-json\/wp\/v2\/types\/page"}],"author":[{"embeddable":true,"href":"https:\/\/cooptadeo.com\/wordpress\/wp-json\/wp\/v2\/users\/1"}],"replies":[{"embeddable":true,"href":"https:\/\/cooptadeo.com\/wordpress\/wp-json\/wp\/v2\/comments?post=370"}],"version-history":[{"count":59,"href":"https:\/\/cooptadeo.com\/wordpress\/wp-json\/wp\/v2\/pages\/370\/revisions"}],"predecessor-version":[{"id":739,"href":"https:\/\/cooptadeo.com\/wordpress\/wp-json\/wp\/v2\/pages\/370\/revisions\/739"}],"wp:attachment":[{"href":"https:\/\/cooptadeo.com\/wordpress\/wp-json\/wp\/v2\/media?parent=370"}],"curies":[{"name":"wp","href":"https:\/\/api.w.org\/{rel}","templated":true}]}}