{"id":315,"date":"2014-07-25T16:36:38","date_gmt":"2014-07-25T16:36:38","guid":{"rendered":"http:\/\/cooptadeo.com\/wordpress\/?page_id=315"},"modified":"2014-07-29T15:48:31","modified_gmt":"2014-07-29T15:48:31","slug":"asociate-2","status":"publish","type":"page","link":"https:\/\/cooptadeo.com\/wordpress\/asociate-2\/","title":{"rendered":"Asociate"},"content":{"rendered":"<div class=\"alterna-sc-title left\"><div class=\"row\"><div class=\"col-md-12\"><div class=\"alterna-sc-title-container\"><h1 class=\"alterna-sc-entry-title uppercase \"><span class=\"alterna-sc-title-icon btn-theme\"><i class=\"fa fa-group\"><\/i><\/span>Asociate<\/h1><\/div><\/div><\/div><\/div>\n<div class=\"row\"><div class=\"col-md-12\"><div class=\"alterna-space small alterna-line dashed\"><\/div><\/div><\/div><div class=\"tabs left\"><ul class=\"tabs-nav inline\"><li><span><i class=\"fa fa-fw fa-list-ol\"><\/i><\/span>Requisitos<\/li><li><span><i class=\"fa fa-fw fa-check-circle-o\"><\/i><\/span>Beneficios<\/li><li><span><i class=\"fa fa-fw fa-book\"><\/i><\/span>Derechos<\/li><li><span><i class=\"fa fa-fw fa-book\"><\/i><\/span>Deberes<\/li><li><span><i class=\"fa fa-fw fa-question-circle\"><\/i><\/span>Como afiliarse<\/li><\/ul><div class=\"tabs-container\"><div class=\"tabs-content\"><div class=\"row\">\n<div class=\"col-md-6 col-sm-6\"><img loading=\"lazy\" decoding=\"async\" class=\"alignnone size-full wp-image-317\" src=\"http:\/\/cooptadeo.com\/wordpress\/wp-content\/uploads\/2014\/07\/requisitos.jpg\" alt=\"Financial planning consultation\" width=\"600\" height=\"400\" srcset=\"https:\/\/cooptadeo.com\/wordpress\/wp-content\/uploads\/2014\/07\/requisitos.jpg 600w, https:\/\/cooptadeo.com\/wordpress\/wp-content\/uploads\/2014\/07\/requisitos-450x300.jpg 450w, https:\/\/cooptadeo.com\/wordpress\/wp-content\/uploads\/2014\/07\/requisitos-545x363.jpg 545w, https:\/\/cooptadeo.com\/wordpress\/wp-content\/uploads\/2014\/07\/requisitos-300x200.jpg 300w\" sizes=\"(max-width: 600px) 100vw, 600px\" \/><\/div><div class=\"col-md-6 col-sm-6\">\n<h4><strong>Para ser asociado se requieren las siguientes condiciones:<\/strong><\/h4>\n<ul>\n<ul>\n<li style=\"text-align: justify;\">Ser legalmente capaz.<\/li>\n<\/ul>\n<\/ul>\n<ul>\n<ul>\n<li><span style=\"text-align: justify;\">Ser empleado de la <\/span><strong style=\"text-align: justify;\">Fundaci\u00f3n Universidad Bogota Jorge Tadeo Lozano<\/strong><span style=\"text-align: justify;\">\u00a0(Planta, Temporales y Docentes) o de la <\/span><strong style=\"text-align: justify;\">Fundaci\u00f3n para el Desarrollo universitario<\/strong><span style=\"text-align: justify;\">.<\/span><\/li>\n<\/ul>\n<\/ul>\n<ul>\n<ul>\n<li style=\"text-align: justify;\">Presentar solicitud al Consejo de Administraci\u00f3n con documentos soportes.<\/li>\n<\/ul>\n<\/ul>\n<ul>\n<ul>\n<li style=\"text-align: justify;\">No tener antecedentes de incumplimiento en sus obligaciones con <strong>Cooptadeo<\/strong>\u00a0u otras entidades del sector cooperativo.<\/li>\n<\/ul>\n<\/ul>\n<ul>\n<ul>\n<li style=\"text-align: justify;\">Ser admitido por el Consejo de Administraci\u00f3n .<\/li>\n<\/ul>\n<\/ul>\n<ul>\n<ul>\n<li style=\"text-align: justify;\">En caso de reintegro deber\u00e1 haber transcurrido como m\u00ednimo seis (6) meses de su retiro y deber\u00e1 llenar los requisitos establecidos para la vinculaci\u00f3n de nuevos asociados.<\/li>\n<\/ul>\n<\/ul>\n<ul>\n<ul>\n<li>Diligenciar formulario y anexar copia de la cedula.<\/li>\n<\/ul>\n<\/ul>\n<\/div><\/div><div class=\"row\">\n<div class=\"col-md-6 col-sm-6\">\n<h4><strong>El car\u00e1cter de asociado se\u00a0pierde por:<\/strong><\/h4>\n<ul>\n<ul>\n<li style=\"text-align: justify;\">Por retiro voluntario.<\/li>\n<li style=\"text-align: justify;\">Por retiro forzoso.<\/li>\n<li style=\"text-align: justify;\">Por exclusi\u00f3n.<\/li>\n<li style=\"text-align: justify;\">Por fallecimiento.<\/li>\n<li style=\"text-align: justify;\">Por disoluci\u00f3n y liquidaci\u00f3n (Cuando el asociado es persona Jur\u00eddica)<\/li>\n<\/ul>\n<\/ul>\n<\/div><div class=\"col-md-6 col-sm-6\">\n<h4><strong>Aporte m\u00ednimo y m\u00e1ximo:<\/strong><\/h4>\n<ul>\n<ul>\n<li style=\"text-align: justify;\">El aporte m\u00ednimo es el equivalente al 10% del S.M.L.V ajustado a mil m\u00e1s cercano; y el aporte m\u00e1ximo equivale al 10% del salario del asociado, para 2014 el aporte m\u00ednimo corresponde a $62.000.<\/li>\n<\/ul>\n<\/ul>\n<\/div><\/div>\n<\/div><div class=\"tabs-content\">\n<div class=\"row\">\n<div class=\"col-md-6 col-sm-6\"><a href=\"http:\/\/cooptadeo.com\/wordpress\/wp-content\/uploads\/2014\/07\/beneficios.jpg\"><img loading=\"lazy\" decoding=\"async\" class=\"alignnone wp-image-342 size-full\" src=\"http:\/\/cooptadeo.com\/wordpress\/wp-content\/uploads\/2014\/07\/beneficios.jpg\" alt=\"\" width=\"600\" height=\"400\" srcset=\"https:\/\/cooptadeo.com\/wordpress\/wp-content\/uploads\/2014\/07\/beneficios.jpg 600w, https:\/\/cooptadeo.com\/wordpress\/wp-content\/uploads\/2014\/07\/beneficios-450x300.jpg 450w, https:\/\/cooptadeo.com\/wordpress\/wp-content\/uploads\/2014\/07\/beneficios-545x363.jpg 545w, https:\/\/cooptadeo.com\/wordpress\/wp-content\/uploads\/2014\/07\/beneficios-300x200.jpg 300w\" sizes=\"(max-width: 600px) 100vw, 600px\" \/><\/a><\/div><div class=\"col-md-6 col-sm-6\">\n<h4><strong>Nuestros asociados pueden acceder estos beneficios:<\/strong><\/h4>\n<p>&nbsp;<\/p>\n<ul>\n<ul>\n<li style=\"text-align: justify;\">Servicios de cr\u00e9ditos a tasas entre el 0.5% y el 1.39% n.m.v por debajo del sector financiero.<\/li>\n<\/ul>\n<\/ul>\n<ul>\n<ul>\n<li style=\"text-align: justify;\">Atenci\u00f3n y asesor\u00eda personalizada.<\/li>\n<\/ul>\n<\/ul>\n<ul>\n<ul>\n<li style=\"text-align: justify;\">Tarifas especiales con el plan colectivo de medicina pre-pagada Colsanitas y Medisanitas.<\/li>\n<\/ul>\n<\/ul>\n<ul>\n<ul>\n<li style=\"text-align: justify;\">P\u00f3liza colectiva de autom\u00f3viles todo riesgo y SOAT.<\/li>\n<\/ul>\n<\/ul>\n<ul>\n<ul>\n<li style=\"text-align: justify;\">Eventos de integraci\u00f3n de la familia cooperativa en diferentes \u00e9pocas del a\u00f1o.<\/li>\n<\/ul>\n<\/ul>\n<ul>\n<ul>\n<li style=\"text-align: justify;\">Escuela de arte y m\u00fasica para los hijos de nuestros asociados.<\/li>\n<\/ul>\n<\/ul>\n<ul>\n<ul>\n<li style=\"text-align: justify;\">Talleres y actividades para nuestros asociados.<\/li>\n<\/ul>\n<\/ul>\n<ul>\n<ul>\n<li style=\"text-align: justify;\">Concursos y eventos en diferentes \u00e9pocas del a\u00f1o<\/li>\n<\/ul>\n<\/ul>\n<ul style=\"text-align: justify;\">\n<ul>\n<li>Celebraci\u00f3n de fechas especiales<\/li>\n<\/ul>\n<\/ul>\n<ul style=\"text-align: justify;\">\n<ul>\n<li>Entrega de bono fin de a\u00f1o.<\/li>\n<\/ul>\n<\/ul>\n<\/div><\/div><div class=\"row\">\n<h4 style=\"padding-left: 30px;\"><strong>Nuestros Fondos<\/strong><\/h4>\n<ul style=\"text-align: justify;\">\n<ul>\n<li><strong>Fondo de Solidaridad:<\/strong> Los recursos de este Fondo se destinan a apoyar a los asociados en casos de verdadera y comprobada calamidad.<\/li>\n<\/ul>\n<\/ul>\n<ul>\n<ul>\n<li style=\"text-align: justify;\"><strong>Fondo de Actividades Sociales y Culturales:<\/strong> Se utilizan los recursos de este Fondo en actividades culturales, de recreaci\u00f3n y bienestar para beneficio de todos los asociados.<\/li>\n<\/ul>\n<\/ul>\n<ul>\n<ul>\n<li style=\"text-align: justify;\"><strong>Fondo de Educaci\u00f3n: <\/strong>Se ejecuta conforme a la ley con el fin de ser exentos de pago de declaraci\u00f3n de renta.<\/li>\n<\/ul>\n<\/ul>\n<\/div>\n<\/div><div class=\"tabs-content\">\n<div class=\"row\">\n<div class=\"col-md-6 col-sm-6\"><a href=\"http:\/\/cooptadeo.com\/wordpress\/wp-content\/uploads\/2014\/07\/derechosydeberes.jpg\"><img loading=\"lazy\" decoding=\"async\" class=\"alignnone wp-image-349 size-full\" src=\"http:\/\/cooptadeo.com\/wordpress\/wp-content\/uploads\/2014\/07\/derechosydeberes.jpg\" alt=\"\" width=\"600\" height=\"400\" srcset=\"https:\/\/cooptadeo.com\/wordpress\/wp-content\/uploads\/2014\/07\/derechosydeberes.jpg 600w, https:\/\/cooptadeo.com\/wordpress\/wp-content\/uploads\/2014\/07\/derechosydeberes-450x300.jpg 450w, https:\/\/cooptadeo.com\/wordpress\/wp-content\/uploads\/2014\/07\/derechosydeberes-545x363.jpg 545w, https:\/\/cooptadeo.com\/wordpress\/wp-content\/uploads\/2014\/07\/derechosydeberes-300x200.jpg 300w\" sizes=\"(max-width: 600px) 100vw, 600px\" \/><\/a><\/div><div class=\"col-md-6 col-sm-6\">\n<h4><strong>Derechos de los asociados:<\/strong><\/h4>\n<p>&nbsp;<\/p>\n<ul>\n<ul>\n<li>Hacer uso de los servicios de\u00a0<strong>Cooptadeo<\/strong><\/li>\n<\/ul>\n<\/ul>\n<ul>\n<ul>\n<li>Participar en la Administraci\u00f3n de\u00a0<strong>Cooptadeo<\/strong><\/li>\n<\/ul>\n<\/ul>\n<ul>\n<ul>\n<li>Ejercer la funci\u00f3n de sufragio cooperativo<\/li>\n<\/ul>\n<\/ul>\n<ul>\n<ul>\n<li>Concurrir a las asambleas y deliberar en ellas<\/li>\n<\/ul>\n<\/ul>\n<ul>\n<ul>\n<li>Percibir la prestaci\u00f3n de servicios<\/li>\n<\/ul>\n<\/ul>\n<ul>\n<ul>\n<li>Fiscalizar la gesti\u00f3n econ\u00f3mica y financiera<\/li>\n<\/ul>\n<\/ul>\n<ul>\n<ul>\n<li>Presentar a la Junta de Vigilancia quejas fundamentadas<\/li>\n<\/ul>\n<\/ul>\n<ul>\n<ul>\n<li>Retirarse voluntariamente de\u00a0<strong>Cooptadeo<\/strong><\/li>\n<\/ul>\n<\/ul>\n<p>El disfrute de los derechos estar\u00e1n condicionados al cumplimiento de deberes.<\/p>\n<\/div><\/div><\/div><div class=\"tabs-content\">\n<div class=\"col-md-6 col-sm-6\"><a href=\"http:\/\/cooptadeo.com\/wordpress\/wp-content\/uploads\/2014\/07\/derechosydeberes.jpg\"><img loading=\"lazy\" decoding=\"async\" class=\"alignnone wp-image-349 size-full\" src=\"http:\/\/cooptadeo.com\/wordpress\/wp-content\/uploads\/2014\/07\/derechosydeberes.jpg\" alt=\"\" width=\"600\" height=\"400\" srcset=\"https:\/\/cooptadeo.com\/wordpress\/wp-content\/uploads\/2014\/07\/derechosydeberes.jpg 600w, https:\/\/cooptadeo.com\/wordpress\/wp-content\/uploads\/2014\/07\/derechosydeberes-450x300.jpg 450w, https:\/\/cooptadeo.com\/wordpress\/wp-content\/uploads\/2014\/07\/derechosydeberes-545x363.jpg 545w, https:\/\/cooptadeo.com\/wordpress\/wp-content\/uploads\/2014\/07\/derechosydeberes-300x200.jpg 300w\" sizes=\"(max-width: 600px) 100vw, 600px\" \/><\/a><\/div><div class=\"col-md-6 col-sm-6\">\n<h4><strong>Deberes\u00a0de los asociados:<\/strong><\/h4>\n<p>&nbsp;<\/p>\n<ul>\n<ul>\n<li>Adquirir conocimientos sobre los principios b\u00e1sicos del cooperativismo<\/li>\n<\/ul>\n<\/ul>\n<ul>\n<ul>\n<li>Comportarse con esp\u00edritu cooperativo<\/li>\n<\/ul>\n<\/ul>\n<ul>\n<ul>\n<li>Cumplir con los compromisos adquiridos con\u00a0<strong>Cooptadeo.<\/strong><\/li>\n<\/ul>\n<\/ul>\n<ul>\n<ul>\n<li>Cumplir fielmente los estatutos<\/li>\n<\/ul>\n<\/ul>\n<ul>\n<ul>\n<li>Actualizar oportunamente los datos personales<\/li>\n<\/ul>\n<\/ul>\n<ul>\n<ul>\n<li>Concurrir a las Asambleas<\/li>\n<\/ul>\n<\/ul>\n<ul>\n<ul>\n<li>Haber recibido veinte horas de educaci\u00f3n cooperativa<\/li>\n<\/ul>\n<\/ul>\n<\/div><\/div><div class=\"tabs-content\">\n<div class=\"col-md-6 col-sm-6\"><a href=\"http:\/\/cooptadeo.com\/wordpress\/wp-content\/uploads\/2014\/07\/afiliate.jpg\"><img loading=\"lazy\" decoding=\"async\" class=\"alignnone wp-image-365 size-full\" src=\"http:\/\/cooptadeo.com\/wordpress\/wp-content\/uploads\/2014\/07\/afiliate.jpg\" alt=\"\" width=\"600\" height=\"400\" srcset=\"https:\/\/cooptadeo.com\/wordpress\/wp-content\/uploads\/2014\/07\/afiliate.jpg 600w, https:\/\/cooptadeo.com\/wordpress\/wp-content\/uploads\/2014\/07\/afiliate-450x300.jpg 450w, https:\/\/cooptadeo.com\/wordpress\/wp-content\/uploads\/2014\/07\/afiliate-545x363.jpg 545w, https:\/\/cooptadeo.com\/wordpress\/wp-content\/uploads\/2014\/07\/afiliate-300x200.jpg 300w\" sizes=\"(max-width: 600px) 100vw, 600px\" \/><\/a><\/div><div class=\"col-md-6 col-sm-6\">\n<h4><strong>Afiliarse es muy sencillo<\/strong><\/h4>\n<p>&nbsp;<\/p>\n<ul>\n<li>Si aun no eres asociado diligencia el formulario de afiliaci\u00f3n y pres\u00e9ntalo firmado con una fotocopia de cedula en la Cooperativa.<div class=\"row\"><div class=\"col-md-12\"><div class=\"alterna-space big \"><\/div><\/div><\/div><\/li>\n<\/ul>\n<p style=\"text-align: center;\"><a  class=\"btn  icon-btn btn-lg btn-theme \" href=\"http:\/\/cooptadeo.com\/images\/stories\/docs\/solicitud_afiliacion.pdf\" target=\"_blank\" ><span><i class=\"fa fa-edit\"><\/i><\/span>Descargar Formulario<\/a>\n<\/div>\n<\/div><\/div><\/div>\n","protected":false},"excerpt":{"rendered":"","protected":false},"author":1,"featured_media":0,"parent":0,"menu_order":0,"comment_status":"closed","ping_status":"closed","template":"","meta":{"footnotes":""},"class_list":["post-315","page","type-page","status-publish","hentry"],"yoast_head":"<!-- This site is optimized with the Yoast SEO plugin v23.0 - https:\/\/yoast.com\/wordpress\/plugins\/seo\/ -->\n<title>Asociate - Cooptadeo<\/title>\n<meta name=\"robots\" content=\"index, follow, max-snippet:-1, max-image-preview:large, max-video-preview:-1\" \/>\n<link rel=\"canonical\" href=\"https:\/\/cooptadeo.com\/wordpress\/asociate-2\/\" \/>\n<meta property=\"og:locale\" content=\"es_ES\" \/>\n<meta property=\"og:type\" content=\"article\" \/>\n<meta property=\"og:title\" content=\"Asociate - Cooptadeo\" \/>\n<meta property=\"og:url\" content=\"https:\/\/cooptadeo.com\/wordpress\/asociate-2\/\" \/>\n<meta property=\"og:site_name\" content=\"Cooptadeo\" \/>\n<meta property=\"article:modified_time\" content=\"2014-07-29T15:48:31+00:00\" \/>\n<meta property=\"og:image\" content=\"http:\/\/cooptadeo.com\/wordpress\/wp-content\/uploads\/2014\/07\/requisitos.jpg\" \/>\n<meta name=\"twitter:card\" content=\"summary_large_image\" \/>\n<meta name=\"twitter:label1\" content=\"Tiempo de lectura\" \/>\n\t<meta name=\"twitter:data1\" content=\"3 minutos\" \/>\n<script type=\"application\/ld+json\" class=\"yoast-schema-graph\">{\"@context\":\"https:\/\/schema.org\",\"@graph\":[{\"@type\":\"WebPage\",\"@id\":\"https:\/\/cooptadeo.com\/wordpress\/asociate-2\/\",\"url\":\"https:\/\/cooptadeo.com\/wordpress\/asociate-2\/\",\"name\":\"Asociate - Cooptadeo\",\"isPartOf\":{\"@id\":\"http:\/\/cooptadeo.com\/wordpress\/#website\"},\"primaryImageOfPage\":{\"@id\":\"https:\/\/cooptadeo.com\/wordpress\/asociate-2\/#primaryimage\"},\"image\":{\"@id\":\"https:\/\/cooptadeo.com\/wordpress\/asociate-2\/#primaryimage\"},\"thumbnailUrl\":\"http:\/\/cooptadeo.com\/wordpress\/wp-content\/uploads\/2014\/07\/requisitos.jpg\",\"datePublished\":\"2014-07-25T16:36:38+00:00\",\"dateModified\":\"2014-07-29T15:48:31+00:00\",\"breadcrumb\":{\"@id\":\"https:\/\/cooptadeo.com\/wordpress\/asociate-2\/#breadcrumb\"},\"inLanguage\":\"es\",\"potentialAction\":[{\"@type\":\"ReadAction\",\"target\":[\"https:\/\/cooptadeo.com\/wordpress\/asociate-2\/\"]}]},{\"@type\":\"ImageObject\",\"inLanguage\":\"es\",\"@id\":\"https:\/\/cooptadeo.com\/wordpress\/asociate-2\/#primaryimage\",\"url\":\"http:\/\/cooptadeo.com\/wordpress\/wp-content\/uploads\/2014\/07\/requisitos.jpg\",\"contentUrl\":\"http:\/\/cooptadeo.com\/wordpress\/wp-content\/uploads\/2014\/07\/requisitos.jpg\"},{\"@type\":\"BreadcrumbList\",\"@id\":\"https:\/\/cooptadeo.com\/wordpress\/asociate-2\/#breadcrumb\",\"itemListElement\":[{\"@type\":\"ListItem\",\"position\":1,\"name\":\"Portada\",\"item\":\"http:\/\/cooptadeo.com\/wordpress\/\"},{\"@type\":\"ListItem\",\"position\":2,\"name\":\"Asociate\"}]},{\"@type\":\"WebSite\",\"@id\":\"http:\/\/cooptadeo.com\/wordpress\/#website\",\"url\":\"http:\/\/cooptadeo.com\/wordpress\/\",\"name\":\"Cooptadeo\",\"description\":\"La cooperativa de la familia Tadeista\",\"potentialAction\":[{\"@type\":\"SearchAction\",\"target\":{\"@type\":\"EntryPoint\",\"urlTemplate\":\"http:\/\/cooptadeo.com\/wordpress\/?s={search_term_string}\"},\"query-input\":\"required name=search_term_string\"}],\"inLanguage\":\"es\"}]}<\/script>\n<!-- \/ Yoast SEO plugin. -->","yoast_head_json":{"title":"Asociate - Cooptadeo","robots":{"index":"index","follow":"follow","max-snippet":"max-snippet:-1","max-image-preview":"max-image-preview:large","max-video-preview":"max-video-preview:-1"},"canonical":"https:\/\/cooptadeo.com\/wordpress\/asociate-2\/","og_locale":"es_ES","og_type":"article","og_title":"Asociate - Cooptadeo","og_url":"https:\/\/cooptadeo.com\/wordpress\/asociate-2\/","og_site_name":"Cooptadeo","article_modified_time":"2014-07-29T15:48:31+00:00","og_image":[{"url":"http:\/\/cooptadeo.com\/wordpress\/wp-content\/uploads\/2014\/07\/requisitos.jpg"}],"twitter_card":"summary_large_image","twitter_misc":{"Tiempo de lectura":"3 minutos"},"schema":{"@context":"https:\/\/schema.org","@graph":[{"@type":"WebPage","@id":"https:\/\/cooptadeo.com\/wordpress\/asociate-2\/","url":"https:\/\/cooptadeo.com\/wordpress\/asociate-2\/","name":"Asociate - Cooptadeo","isPartOf":{"@id":"http:\/\/cooptadeo.com\/wordpress\/#website"},"primaryImageOfPage":{"@id":"https:\/\/cooptadeo.com\/wordpress\/asociate-2\/#primaryimage"},"image":{"@id":"https:\/\/cooptadeo.com\/wordpress\/asociate-2\/#primaryimage"},"thumbnailUrl":"http:\/\/cooptadeo.com\/wordpress\/wp-content\/uploads\/2014\/07\/requisitos.jpg","datePublished":"2014-07-25T16:36:38+00:00","dateModified":"2014-07-29T15:48:31+00:00","breadcrumb":{"@id":"https:\/\/cooptadeo.com\/wordpress\/asociate-2\/#breadcrumb"},"inLanguage":"es","potentialAction":[{"@type":"ReadAction","target":["https:\/\/cooptadeo.com\/wordpress\/asociate-2\/"]}]},{"@type":"ImageObject","inLanguage":"es","@id":"https:\/\/cooptadeo.com\/wordpress\/asociate-2\/#primaryimage","url":"http:\/\/cooptadeo.com\/wordpress\/wp-content\/uploads\/2014\/07\/requisitos.jpg","contentUrl":"http:\/\/cooptadeo.com\/wordpress\/wp-content\/uploads\/2014\/07\/requisitos.jpg"},{"@type":"BreadcrumbList","@id":"https:\/\/cooptadeo.com\/wordpress\/asociate-2\/#breadcrumb","itemListElement":[{"@type":"ListItem","position":1,"name":"Portada","item":"http:\/\/cooptadeo.com\/wordpress\/"},{"@type":"ListItem","position":2,"name":"Asociate"}]},{"@type":"WebSite","@id":"http:\/\/cooptadeo.com\/wordpress\/#website","url":"http:\/\/cooptadeo.com\/wordpress\/","name":"Cooptadeo","description":"La cooperativa de la familia Tadeista","potentialAction":[{"@type":"SearchAction","target":{"@type":"EntryPoint","urlTemplate":"http:\/\/cooptadeo.com\/wordpress\/?s={search_term_string}"},"query-input":"required name=search_term_string"}],"inLanguage":"es"}]}},"_links":{"self":[{"href":"https:\/\/cooptadeo.com\/wordpress\/wp-json\/wp\/v2\/pages\/315"}],"collection":[{"href":"https:\/\/cooptadeo.com\/wordpress\/wp-json\/wp\/v2\/pages"}],"about":[{"href":"https:\/\/cooptadeo.com\/wordpress\/wp-json\/wp\/v2\/types\/page"}],"author":[{"embeddable":true,"href":"https:\/\/cooptadeo.com\/wordpress\/wp-json\/wp\/v2\/users\/1"}],"replies":[{"embeddable":true,"href":"https:\/\/cooptadeo.com\/wordpress\/wp-json\/wp\/v2\/comments?post=315"}],"version-history":[{"count":52,"href":"https:\/\/cooptadeo.com\/wordpress\/wp-json\/wp\/v2\/pages\/315\/revisions"}],"predecessor-version":[{"id":500,"href":"https:\/\/cooptadeo.com\/wordpress\/wp-json\/wp\/v2\/pages\/315\/revisions\/500"}],"wp:attachment":[{"href":"https:\/\/cooptadeo.com\/wordpress\/wp-json\/wp\/v2\/media?parent=315"}],"curies":[{"name":"wp","href":"https:\/\/api.w.org\/{rel}","templated":true}]}}